{"id":20,"date":"2009-12-19T13:10:50","date_gmt":"2009-12-19T11:10:50","guid":{"rendered":"http:\/\/uzuntarla.net\/?page_id=20"},"modified":"2010-04-17T07:52:04","modified_gmt":"2010-04-17T05:52:04","slug":"tarihce","status":"publish","type":"page","link":"https:\/\/uzuntarla.net\/?page_id=20","title":{"rendered":"Tarihce"},"content":{"rendered":"<p>\u0130l\u00e7e merkezine uzakl\u0131\u011f\u0131 30 km\u2019dir.2000 y\u0131l\u0131 say\u0131m\u0131na g\u00f6re n\u00fcfusu 482\u2019dir.1583 y\u0131l\u0131 tahrir kay\u0131tlar\u0131nda ad\u0131 ilk kez ayr\u0131 bir k\u00f6y olarak ge\u00e7en Uzuntarla daha \u00f6nce Ogene karyesi i\u00e7inde yer al\u0131yordu.Eski \u00c7aykara- Bayburt yolunun Cevizli mevkiinden sa\u011fa sap\u0131p 3-4 km gidilerek var\u0131lan Uzuntarla bir inziva ortam\u0131 \u00f6zelli\u011fi ta\u015f\u0131r.\u00d6nceleri medrese e\u011fitiminin ileri d\u00fczeyde oldu\u011fu bu k\u00f6yde \u015eeyh Muhammet Efendi\u2019nin ziyaretgah olarak t\u00fcrbesi bulunmaktad\u0131r. <\/p>\n<p>\u0130lk yerle\u015fen aileler K\u00f6knar\u2019dan gelen ailelerdir.De\u011fi\u015fik alanlarda \u00fcn kazanm\u0131\u015f ailelerden baz\u0131lar\u0131 \u015funlard\u0131r.Osmanefendio\u011fullar\u0131, Mahmuto\u011fulllar\u0131, Dingilo\u011fullar\u0131, Deliosmano\u011fullar\u0131, \u0130nceo\u011fullar\u0131, Hac\u0131ibrahimo\u011fullar\u0131, Demircio\u011fullar\u0131, \u00c7eki\u00e7o\u011fullar\u0131, Ayd\u0131nl\u0131o\u011fullar\u0131d\u0131r.<br \/>\nDar bir vadinin son derece dik yama\u00e7lar\u0131nda geleneksel ah\u015fap yap\u0131larla yer alan Uzuntarla\u2019da ziraat \u00fcr\u00fcn\u00fc olarak patates,m\u0131s\u0131r ve fas\u00fclye olarak yerle\u015ftirilir.\u00d6nemli ge\u00e7im kaynaklar\u0131n\u0131n ba\u015f\u0131nda hayvanc\u0131l\u0131k gelmektedir.Bu g\u00fcn de\u011fi\u015fik nedenlerle k\u00f6y n\u00fcfusu epeyce azalm\u0131\u015ft\u0131r.Kalanlar\u0131nda \u00e7o\u011fu ya\u015fl\u0131lar oldu\u011fu i\u00e7in emek isteyen \u00fcretim, yok denecek d\u00fczeye d\u00fc\u015fm\u00fc\u015ft\u00fcr.Yurt i\u00e7i ve yurt d\u0131\u015f\u0131 gurbet\u00e7ilik en \u00f6nemli gelir kayna\u011f\u0131d\u0131r.<br \/>\nYol, su, elektrik ve telefon hizmetleri tamamlanm\u0131\u015f olan Uzuntarla k\u00f6y\u00fcn\u00fcn yaylas\u0131 Aplareyas Mavreyas (Uzuntarla)\u2019d\u0131r. <\/p>\n","protected":false},"excerpt":{"rendered":"<p>\u0130l\u00e7e merkezine uzakl\u0131\u011f\u0131 30 km\u2019dir.2000 y\u0131l\u0131 say\u0131m\u0131na g\u00f6re n\u00fcfusu 482\u2019dir.1583 y\u0131l\u0131 tahrir kay\u0131tlar\u0131nda ad\u0131 ilk kez ayr\u0131 bir k\u00f6y olarak ge\u00e7en Uzuntarla daha \u00f6nce Ogene karyesi i\u00e7inde yer al\u0131yordu.Eski \u00c7aykara- Bayburt yolunun Cevizli mevkiinden sa\u011fa sap\u0131p 3-4 km gidilerek var\u0131lan Uzuntarla bir inziva ortam\u0131 \u00f6zelli\u011fi ta\u015f\u0131r.\u00d6nceleri medrese e\u011fitiminin ileri d\u00fczeyde oldu\u011fu bu k\u00f6yde \u015eeyh Muhammet [&hellip;]<\/p>\n","protected":false},"author":1,"featured_media":0,"parent":0,"menu_order":0,"comment_status":"open","ping_status":"open","template":"","meta":[],"_links":{"self":[{"href":"https:\/\/uzuntarla.net\/index.php?rest_route=\/wp\/v2\/pages\/20"}],"collection":[{"href":"https:\/\/uzuntarla.net\/index.php?rest_route=\/wp\/v2\/pages"}],"about":[{"href":"https:\/\/uzuntarla.net\/index.php?rest_route=\/wp\/v2\/types\/page"}],"author":[{"embeddable":true,"href":"https:\/\/uzuntarla.net\/index.php?rest_route=\/wp\/v2\/users\/1"}],"replies":[{"embeddable":true,"href":"https:\/\/uzuntarla.net\/index.php?rest_route=%2Fwp%2Fv2%2Fcomments&post=20"}],"version-history":[{"count":2,"href":"https:\/\/uzuntarla.net\/index.php?rest_route=\/wp\/v2\/pages\/20\/revisions"}],"predecessor-version":[{"id":24,"href":"https:\/\/uzuntarla.net\/index.php?rest_route=\/wp\/v2\/pages\/20\/revisions\/24"}],"wp:attachment":[{"href":"https:\/\/uzuntarla.net\/index.php?rest_route=%2Fwp%2Fv2%2Fmedia&parent=20"}],"curies":[{"name":"wp","href":"https:\/\/api.w.org\/{rel}","templated":true}]}}