{"id":25,"date":"2010-04-17T07:55:00","date_gmt":"2010-04-17T05:55:00","guid":{"rendered":"http:\/\/uzuntarla.net\/?page_id=25"},"modified":"2010-04-17T09:41:11","modified_gmt":"2010-04-17T07:41:11","slug":"koy-muhtarimiz","status":"publish","type":"page","link":"https:\/\/uzuntarla.net\/?page_id=25","title":{"rendered":"K\u00f6y Muhtar\u0131m\u0131z"},"content":{"rendered":"<p>Muhtar\u0131m\u0131z Vehab TURGUT<\/p>\n<p><img loading=\"lazy\" class=\"alignnone size-full wp-image-44\" title=\"muhtar\" src=\"http:\/\/uzuntarla.net\/cms\/wp-content\/uploads\/2010\/04\/muhtar1.jpg\" alt=\"muhtar\" width=\"200\" height=\"150\" \/><\/p>\n","protected":false},"excerpt":{"rendered":"<p>Muhtar\u0131m\u0131z Vehab TURGUT<\/p>\n","protected":false},"author":1,"featured_media":0,"parent":0,"menu_order":0,"comment_status":"open","ping_status":"open","template":"","meta":[],"_links":{"self":[{"href":"https:\/\/uzuntarla.net\/index.php?rest_route=\/wp\/v2\/pages\/25"}],"collection":[{"href":"https:\/\/uzuntarla.net\/index.php?rest_route=\/wp\/v2\/pages"}],"about":[{"href":"https:\/\/uzuntarla.net\/index.php?rest_route=\/wp\/v2\/types\/page"}],"author":[{"embeddable":true,"href":"https:\/\/uzuntarla.net\/index.php?rest_route=\/wp\/v2\/users\/1"}],"replies":[{"embeddable":true,"href":"https:\/\/uzuntarla.net\/index.php?rest_route=%2Fwp%2Fv2%2Fcomments&post=25"}],"version-history":[{"count":4,"href":"https:\/\/uzuntarla.net\/index.php?rest_route=\/wp\/v2\/pages\/25\/revisions"}],"predecessor-version":[{"id":46,"href":"https:\/\/uzuntarla.net\/index.php?rest_route=\/wp\/v2\/pages\/25\/revisions\/46"}],"wp:attachment":[{"href":"https:\/\/uzuntarla.net\/index.php?rest_route=%2Fwp%2Fv2%2Fmedia&parent=25"}],"curies":[{"name":"wp","href":"https:\/\/api.w.org\/{rel}","templated":true}]}}